{"id":5,"date":"2019-12-03T13:41:26","date_gmt":"2019-12-03T11:41:26","guid":{"rendered":"http:\/\/77.240.19.29\/~fspecialglassfi\/?page_id=5"},"modified":"2020-02-27T08:21:58","modified_gmt":"2020-02-27T06:21:58","slug":"etusivu","status":"publish","type":"page","link":"https:\/\/finnishspecialglass.fi\/en\/","title":{"rendered":"Home"},"content":{"rendered":"<h1 class=\"wp-block-heading\" style=\"text-align:center\">Finnish SpecialGlass in a nutshell<\/h1>\n\n\n\n<p>Founded in 1974, Finnish Specialglass Ltd is a family-owned company continuing in the centuries-old tradition of glassblowing craftsmanship to the most exacting standards. Our expertise includes processing of ceramic parts and optical and special glass products, laboratory glassblowing, and product development carried out jointly with the client.<\/p>\n\n\n\n<p>We manufacture all special products according to the client\u2019s own design and specification, from individual prototypes through to large series.<br>\nkaikkein korkeimmatkin laatuvaatimukset t\u00e4ytt\u00e4v\u00e4n ty\u00f6nj\u00e4ljen.<\/p>\n\n\n\n<p>Top quality tools and raw materials and skilled craftsmanship guarantee work of high precision meeting the strictest of quality standards.<br> asiakastarpeisiin sek\u00e4 jatkuva kehitysty\u00f6 asiakkaan kanssa.<\/p>\n\n\n\n <figure class=\"wp-block-video\"><video controls=\"\" poster=\"https:\/\/finnishspecialglass.fi\/wp-content\/uploads\/2020\/01\/video_screenshot2.png\" src=\"https:\/\/finnishspecialglass.fi\/wp-content\/uploads\/2020\/01\/Finnish-SpecialGlass-English-1280x720.mp4\"><\/video><\/figure> \n\n\n\n\n\n\n\n<div class=\"wp-block-columns has-3-columns is-layout-flex wp-container-core-columns-is-layout-28f84493 wp-block-columns-is-layout-flex\">\n<div class=\"wp-block-column is-layout-flow wp-block-column-is-layout-flow\">\n<div class=\"wp-block-image\"><figure class=\"aligncenter\"><img loading=\"lazy\" decoding=\"async\" width=\"164\" height=\"163\" src=\"http:\/\/77.240.19.29\/~fspecialglassfi\/wp-content\/uploads\/2020\/01\/CNC-tyosto.png\" alt=\"\" class=\"wp-image-156\" srcset=\"https:\/\/finnishspecialglass.fi\/wp-content\/uploads\/2020\/01\/CNC-tyosto.png 164w, https:\/\/finnishspecialglass.fi\/wp-content\/uploads\/2020\/01\/CNC-tyosto-150x150.png 150w\" sizes=\"auto, (max-width: 164px) 100vw, 164px\" \/><\/figure><\/div>\n\n\n\n<h4 class=\"wp-block-heading\" style=\"text-align:center\">CNC-Processing<\/h4>\n\n\n\n<p style=\"text-align:center\" class=\"has-small-font-size\">We manufacture specialist glass, ceramic and quartz products for industrial applications. We supply a wide range of products to hundreds of customers in various industries, from traditional engineering companies to modern ADL companies. <\/p>\n<\/div>\n\n\n\n<div class=\"wp-block-column is-layout-flow wp-block-column-is-layout-flow\">\n<div class=\"wp-block-image\"><figure class=\"aligncenter\"><img loading=\"lazy\" decoding=\"async\" width=\"162\" height=\"163\" src=\"http:\/\/77.240.19.29\/~fspecialglassfi\/wp-content\/uploads\/2020\/01\/teollisuuslasinpuhallus.png\" alt=\"\" class=\"wp-image-157\" srcset=\"https:\/\/finnishspecialglass.fi\/wp-content\/uploads\/2020\/01\/teollisuuslasinpuhallus.png 162w, https:\/\/finnishspecialglass.fi\/wp-content\/uploads\/2020\/01\/teollisuuslasinpuhallus-150x150.png 150w\" sizes=\"auto, (max-width: 162px) 100vw, 162px\" \/><\/figure><\/div>\n\n\n\n<h4 class=\"wp-block-heading\" style=\"text-align:center\">Laboratory glass blowing<\/h4>\n\n\n\n<p style=\"text-align:center\" class=\"has-small-font-size\">         Our specialist knowledge of demanding glass blowing processes ensures that we can meet our customers\u2019 requirements. The manufacturing process relies on a long tradition of craftsmanship. We have long-standing relationships with our customers, thanks to our expertise. <\/p>\n<\/div>\n\n\n\n<div class=\"wp-block-column is-layout-flow wp-block-column-is-layout-flow\">\n<div class=\"wp-block-image\"><figure class=\"aligncenter\"><img loading=\"lazy\" decoding=\"async\" width=\"162\" height=\"162\" src=\"http:\/\/77.240.19.29\/~fspecialglassfi\/wp-content\/uploads\/2020\/01\/teollisuusoptiikka.png\" alt=\"\" class=\"wp-image-158\" srcset=\"https:\/\/finnishspecialglass.fi\/wp-content\/uploads\/2020\/01\/teollisuusoptiikka.png 162w, https:\/\/finnishspecialglass.fi\/wp-content\/uploads\/2020\/01\/teollisuusoptiikka-150x150.png 150w\" sizes=\"auto, (max-width: 162px) 100vw, 162px\" \/><\/figure><\/div>\n\n\n\n<h4 class=\"wp-block-heading\" style=\"text-align:center\">Industrial optics<\/h4>\n\n\n\n<p style=\"text-align:center\" class=\"has-small-font-size\">            Our key area of expertise includes optical products for various applications in the industry. The products are made to an accuracy of a thousandth of a millimetre, and they can be produced to customer specifications or our design team can collaborate with the customer to find the right solution. <\/p>\n<\/div>\n<\/div>","protected":false},"excerpt":{"rendered":"<p>Finnish SpecialGlass p\u00e4hkin\u00e4nkuoressa Finnish Specialglass Oy on vuonna 1974 perustettu perheyritys, joka jatkaa vuosisatoja vanhaa lasinpuhalluksen k\u00e4sity\u00f6taitoa korkeatasoisin laatuvaatimuksin. Erityisosaamistamme ovat muun muassa keraamisten osien, optisten sek\u00e4 erikoislasien ty\u00f6st\u00f6, laboratoriolasituotteiden puhallus sek\u00e4 tuotteiden kehitys yhdess\u00e4 asiakkaan kanssa. Valmistamme kaikki erikoistuotteet asiakkaan yksil\u00f6llisten toiveiden mukaan yksitt\u00e4isist\u00e4 kappaleista aina suuriinkin sarjoihin asti. [&hellip;]<\/p>","protected":false},"author":1,"featured_media":112,"parent":0,"menu_order":0,"comment_status":"closed","ping_status":"closed","template":"","meta":{"ngg_post_thumbnail":0,"footnotes":""},"class_list":["post-5","page","type-page","status-publish","has-post-thumbnail","hentry"],"_links":{"self":[{"href":"https:\/\/finnishspecialglass.fi\/en\/wp-json\/wp\/v2\/pages\/5","targetHints":{"allow":["GET"]}}],"collection":[{"href":"https:\/\/finnishspecialglass.fi\/en\/wp-json\/wp\/v2\/pages"}],"about":[{"href":"https:\/\/finnishspecialglass.fi\/en\/wp-json\/wp\/v2\/types\/page"}],"author":[{"embeddable":true,"href":"https:\/\/finnishspecialglass.fi\/en\/wp-json\/wp\/v2\/users\/1"}],"replies":[{"embeddable":true,"href":"https:\/\/finnishspecialglass.fi\/en\/wp-json\/wp\/v2\/comments?post=5"}],"version-history":[{"count":27,"href":"https:\/\/finnishspecialglass.fi\/en\/wp-json\/wp\/v2\/pages\/5\/revisions"}],"predecessor-version":[{"id":318,"href":"https:\/\/finnishspecialglass.fi\/en\/wp-json\/wp\/v2\/pages\/5\/revisions\/318"}],"wp:featuredmedia":[{"embeddable":true,"href":"https:\/\/finnishspecialglass.fi\/en\/wp-json\/wp\/v2\/media\/112"}],"wp:attachment":[{"href":"https:\/\/finnishspecialglass.fi\/en\/wp-json\/wp\/v2\/media?parent=5"}],"curies":[{"name":"wp","href":"https:\/\/api.w.org\/{rel}","templated":true}]}}