{"id":29,"date":"2019-12-03T14:19:45","date_gmt":"2019-12-03T12:19:45","guid":{"rendered":"http:\/\/77.240.19.29\/~fspecialglassfi\/?page_id=29"},"modified":"2020-05-08T11:48:08","modified_gmt":"2020-05-08T08:48:08","slug":"contact","status":"publish","type":"page","link":"https:\/\/finnishspecialglass.fi\/en\/contact\/","title":{"rendered":"Contact"},"content":{"rendered":"<p>\n\nContact us for all your special glass requirements.\n\n<\/p>\n\n\n<div class=\"wpforms-container wpforms-container-full\" id=\"wpforms-102\"><form id=\"wpforms-form-102\" class=\"wpforms-validate wpforms-form\" data-formid=\"102\" method=\"post\" enctype=\"multipart\/form-data\" action=\"\/en\/wp-json\/wp\/v2\/pages\/29\" data-token=\"60726b06e489278be5995fa73f7d4c39\" data-token-time=\"1776867596\" data-trp-original-action=\"\/en\/wp-json\/wp\/v2\/pages\/29\"><noscript class=\"wpforms-error-noscript\">Please enable JavaScript in your browser to complete this form.<\/noscript><div class=\"wpforms-field-container\"><div id=\"wpforms-102-field_0-container\" class=\"wpforms-field wpforms-field-name wpforms-one-half wpforms-first\" data-field-id=\"0\"><label class=\"wpforms-field-label wpforms-label-hide\" for=\"wpforms-102-field_0\">Name <span class=\"wpforms-required-label\">*<\/span><\/label><input type=\"text\" id=\"wpforms-102-field_0\" class=\"wpforms-field-large wpforms-field-required\" name=\"wpforms[fields][0]\" placeholder=\"Name (required)\" required><\/div><div id=\"wpforms-102-field_3-container\" class=\"wpforms-field wpforms-field-email wpforms-one-half\" data-field-id=\"3\"><label class=\"wpforms-field-label wpforms-label-hide\" for=\"wpforms-102-field_3\">Email <span class=\"wpforms-required-label\">*<\/span><\/label><input type=\"email\" id=\"wpforms-102-field_3\" class=\"wpforms-field-large wpforms-field-required\" name=\"wpforms[fields][3]\" placeholder=\"Email (required)\" spellcheck=\"false\" required><\/div><div id=\"wpforms-102-field_4-container\" class=\"wpforms-field wpforms-field-text\" data-field-id=\"4\"><label class=\"wpforms-field-label wpforms-label-hide\" for=\"wpforms-102-field_4\">Subject<\/label><input type=\"text\" id=\"wpforms-102-field_4\" class=\"wpforms-field-large\" name=\"wpforms[fields][4]\" placeholder=\"Subject\" ><\/div><div id=\"wpforms-102-field_2-container\" class=\"wpforms-field wpforms-field-textarea\" data-field-id=\"2\"><label class=\"wpforms-field-label wpforms-label-hide\" for=\"wpforms-102-field_2\">Message<\/label><textarea id=\"wpforms-102-field_2\" class=\"wpforms-field-medium\" name=\"wpforms[fields][2]\" placeholder=\"Message\" ><\/textarea><\/div><\/div><!-- .wpforms-field-container --><div class=\"wpforms-submit-container\" ><input type=\"hidden\" name=\"wpforms[id]\" value=\"102\"><input type=\"hidden\" name=\"page_title\" value=\"\"><input type=\"hidden\" name=\"page_url\" value=\"https:\/\/finnishspecialglass.fi\/en\/wp-json\/wp\/v2\/pages\/29\"><input type=\"hidden\" name=\"url_referer\" value=\"\"><button type=\"submit\" name=\"wpforms[submit]\" id=\"wpforms-submit-102\" class=\"wpforms-submit\" data-alt-text=\"L\u00e4hetet\u00e4\u00e4n...\" data-submit-text=\"L\u00e4het\u00e4\" aria-live=\"assertive\" value=\"wpforms-submit\">Send<\/button><\/div><input type=\"hidden\" name=\"trp-form-language\" value=\"en\"\/><\/form><\/div>  <!-- .wpforms-container -->\n\n\n\n<p>\n\n\n\n\n\n\n\n\n\n\n\n\n\n\n\n\nT. +358 9 801 8450\n\n\n\n<\/p>\n\n\n\n<p><strong>Tuomo Latopelto<\/strong><br>Managing Director<br><a href=\"mailto:tuomo.latopelto@finnishspecialglass.fi\">tuomo.latopelto@finnishspecialglass.fi<\/a><\/p>\n\n\n\n<p><strong>Samuli Latopelto<\/strong><br>Master of Industrial Glassblowing<br><a href=\"mailto:samuli.latopelto@finnishspecialglass.fi\">samuli.latopelto@finnishspecialglass.fi<\/a><\/p>\n\n\n\n<iframe loading=\"lazy\" src=\"https:\/\/www.google.com\/maps\/embed?pb=!1m18!1m12!1m3!1d1980.9296396762377!2d24.604118216108944!3d60.23153998198361!2m3!1f0!2f0!3f0!3m2!1i1024!2i768!4f13.1!3m3!1m2!1s0x468df23704523233%3A0x731b065a1698831f!2sNupurintie%204%2C%2002820%20Espoo!5e0!3m2!1sfi!2sfi!4v1575375524430!5m2!1sfi!2sfi\" style=\"border:0;\" allowfullscreen=\"\" width=\"600\" height=\"450\" frameborder=\"0\"><\/iframe>\n\n\n\n<h2 class=\"wp-block-heading\">Billing details<\/h2>\n\n\n\n<p>Finnish SpecialGlass Oy<br> Business ID: 0567075-9<\/p>\n\n\n\n<p>e-invoice:<br>e-invoice address: 003705670759<br>operator ID: 003721291126<br>operator: Maventa<\/p>\n\n\n\n<p>If you cannot send us an e-invoice, you can send us a pdf-invoice here: invoices@finnishspecialglass.fi <\/p>\n\n\n\n<p>Paper invoices are mailed to the following address:<br>Finnish SpecialGlass Oy<br> Nupurintie 4b<br> 02820 Espoo<\/p>\n\n\n\n<p><\/p>","protected":false},"excerpt":{"rendered":"<p>Kun tarvitset erikoislasia, ota yhteytt\u00e4! T. +358 9 801 8450 Tuomo Latopeltotoimitusjohtajatuomo.latopelto@finnishspecialglass.fi Samuli Latopeltolasinpuhallusmestarisamuli.latopelto@finnishspecialglass.fi Laskutustiedot Finnish SpecialGlass Oy y-tunnus: 0567075-9 verkkolaskut:verkkolaskuosoite: 003705670759operaattoritunnus: 003721291126operaattori: Maventa Jos yrityksell\u00e4nne ei ole mahdollisuutta l\u00e4hett\u00e4\u00e4 meille verkkolaskuja, voitte l\u00e4hett\u00e4\u00e4 pdf-laskut s\u00e4hk\u00f6postilla: invoices@finnishspecialglass.fi Paperilaskut postitetaan alla olevaan osoitteeseen:Finnish SpecialGlass Oy Nupurintie 4b 02820 Espoo<\/p>","protected":false},"author":1,"featured_media":241,"parent":0,"menu_order":0,"comment_status":"closed","ping_status":"closed","template":"","meta":{"ngg_post_thumbnail":0,"footnotes":""},"class_list":["post-29","page","type-page","status-publish","has-post-thumbnail","hentry"],"_links":{"self":[{"href":"https:\/\/finnishspecialglass.fi\/en\/wp-json\/wp\/v2\/pages\/29","targetHints":{"allow":["GET"]}}],"collection":[{"href":"https:\/\/finnishspecialglass.fi\/en\/wp-json\/wp\/v2\/pages"}],"about":[{"href":"https:\/\/finnishspecialglass.fi\/en\/wp-json\/wp\/v2\/types\/page"}],"author":[{"embeddable":true,"href":"https:\/\/finnishspecialglass.fi\/en\/wp-json\/wp\/v2\/users\/1"}],"replies":[{"embeddable":true,"href":"https:\/\/finnishspecialglass.fi\/en\/wp-json\/wp\/v2\/comments?post=29"}],"version-history":[{"count":12,"href":"https:\/\/finnishspecialglass.fi\/en\/wp-json\/wp\/v2\/pages\/29\/revisions"}],"predecessor-version":[{"id":367,"href":"https:\/\/finnishspecialglass.fi\/en\/wp-json\/wp\/v2\/pages\/29\/revisions\/367"}],"wp:featuredmedia":[{"embeddable":true,"href":"https:\/\/finnishspecialglass.fi\/en\/wp-json\/wp\/v2\/media\/241"}],"wp:attachment":[{"href":"https:\/\/finnishspecialglass.fi\/en\/wp-json\/wp\/v2\/media?parent=29"}],"curies":[{"name":"wp","href":"https:\/\/api.w.org\/{rel}","templated":true}]}}