{"id":11,"date":"2019-12-03T13:42:42","date_gmt":"2019-12-03T11:42:42","guid":{"rendered":"http:\/\/77.240.19.29\/~fspecialglassfi\/?page_id=11"},"modified":"2020-04-17T12:07:55","modified_gmt":"2020-04-17T09:07:55","slug":"history","status":"publish","type":"page","link":"https:\/\/finnishspecialglass.fi\/en\/history\/","title":{"rendered":"History"},"content":{"rendered":"<figure class=\"wp-block-image\"><img loading=\"lazy\" decoding=\"async\" width=\"880\" height=\"540\" src=\"http:\/\/77.240.19.29\/~fspecialglassfi\/wp-content\/uploads\/2019\/12\/kuvat-history2.jpg\" alt=\"\" class=\"wp-image-53\" srcset=\"https:\/\/finnishspecialglass.fi\/wp-content\/uploads\/2019\/12\/kuvat-history2.jpg 880w, https:\/\/finnishspecialglass.fi\/wp-content\/uploads\/2019\/12\/kuvat-history2-300x184.jpg 300w, https:\/\/finnishspecialglass.fi\/wp-content\/uploads\/2019\/12\/kuvat-history2-768x471.jpg 768w\" sizes=\"auto, (max-width: 880px) 100vw, 880px\" \/><figcaption>President Kekkonen and Pentti Latopelto<\/figcaption><\/figure>\n\n\n\n<p>Company founder Pentti Latopelto began his career at the tender age of fifteen as a glassblower\u2019s apprentice in Helsinki. He worked at Outokumpu Ltd before setting up his own company. The photo shows President Kekkonen and the management of Outokumpu Ltd watching the Master of Industrial Glassblowing at work in the early 1970s.<br>\nPhoto: Fred Runeberg<\/p>","protected":false},"excerpt":{"rendered":"<p>Yrityksen perustaja Pentti Latopelto aloitti uransa lasinpuhaltajan oppipoikana Helsingiss\u00e4 jo 15-vuotiaana. H\u00e4n ty\u00f6skenteli ennen oman yrityksen perustamista Outokumpu Oy:ll\u00e4. Kuvassa presidentti Kekkonen sek\u00e4 Outokumpu Oy:n johtajia seuraamassa lasinpuhallusmestarin ty\u00f6skentely\u00e4 1970 luvun alussa. Kuva: Fred Runeberg<\/p>","protected":false},"author":1,"featured_media":230,"parent":0,"menu_order":0,"comment_status":"closed","ping_status":"closed","template":"","meta":{"ngg_post_thumbnail":0,"footnotes":""},"class_list":["post-11","page","type-page","status-publish","has-post-thumbnail","hentry"],"_links":{"self":[{"href":"https:\/\/finnishspecialglass.fi\/en\/wp-json\/wp\/v2\/pages\/11","targetHints":{"allow":["GET"]}}],"collection":[{"href":"https:\/\/finnishspecialglass.fi\/en\/wp-json\/wp\/v2\/pages"}],"about":[{"href":"https:\/\/finnishspecialglass.fi\/en\/wp-json\/wp\/v2\/types\/page"}],"author":[{"embeddable":true,"href":"https:\/\/finnishspecialglass.fi\/en\/wp-json\/wp\/v2\/users\/1"}],"replies":[{"embeddable":true,"href":"https:\/\/finnishspecialglass.fi\/en\/wp-json\/wp\/v2\/comments?post=11"}],"version-history":[{"count":4,"href":"https:\/\/finnishspecialglass.fi\/en\/wp-json\/wp\/v2\/pages\/11\/revisions"}],"predecessor-version":[{"id":179,"href":"https:\/\/finnishspecialglass.fi\/en\/wp-json\/wp\/v2\/pages\/11\/revisions\/179"}],"wp:featuredmedia":[{"embeddable":true,"href":"https:\/\/finnishspecialglass.fi\/en\/wp-json\/wp\/v2\/media\/230"}],"wp:attachment":[{"href":"https:\/\/finnishspecialglass.fi\/en\/wp-json\/wp\/v2\/media?parent=11"}],"curies":[{"name":"wp","href":"https:\/\/api.w.org\/{rel}","templated":true}]}}